{"id":6192,"date":"2023-05-11T15:16:01","date_gmt":"2023-05-11T14:16:01","guid":{"rendered":"https:\/\/wizefloor.com\/?page_id=6192"},"modified":"2023-06-12T10:20:54","modified_gmt":"2023-06-12T09:20:54","slug":"case-biblioteker","status":"publish","type":"page","link":"https:\/\/wizefloor.com\/da\/case-biblioteker\/","title":{"rendered":"Case: Biblioteker"},"content":{"rendered":"\t\t<div data-elementor-type=\"wp-page\" data-elementor-id=\"6192\" class=\"elementor elementor-6192\" data-elementor-post-type=\"page\">\n\t\t\t\t<div class=\"elementor-element elementor-element-6bd34aa5 e-flex e-con-boxed e-con e-parent\" data-id=\"6bd34aa5\" data-element_type=\"container\" data-e-type=\"container\" data-settings=\"{&quot;background_background&quot;:&quot;classic&quot;,&quot;shape_divider_bottom&quot;:&quot;waves&quot;,&quot;shape_divider_top&quot;:&quot;mountains&quot;,&quot;jet_parallax_layout_list&quot;:[]}\">\n\t\t\t\t\t<div class=\"e-con-inner\">\n\t\t\t\t<div class=\"elementor-shape elementor-shape-top\" aria-hidden=\"true\" data-negative=\"false\">\n\t\t\t<svg xmlns=\"http:\/\/www.w3.org\/2000\/svg\" viewBox=\"0 0 1000 100\" preserveAspectRatio=\"none\">\n\t<path class=\"elementor-shape-fill\" opacity=\"0.33\" d=\"M473,67.3c-203.9,88.3-263.1-34-320.3,0C66,119.1,0,59.7,0,59.7V0h1000v59.7 c0,0-62.1,26.1-94.9,29.3c-32.8,3.3-62.8-12.3-75.8-22.1C806,49.6,745.3,8.7,694.9,4.7S492.4,59,473,67.3z\"\/>\n\t<path class=\"elementor-shape-fill\" opacity=\"0.66\" d=\"M734,67.3c-45.5,0-77.2-23.2-129.1-39.1c-28.6-8.7-150.3-10.1-254,39.1 s-91.7-34.4-149.2,0C115.7,118.3,0,39.8,0,39.8V0h1000v36.5c0,0-28.2-18.5-92.1-18.5C810.2,18.1,775.7,67.3,734,67.3z\"\/>\n\t<path class=\"elementor-shape-fill\" d=\"M766.1,28.9c-200-57.5-266,65.5-395.1,19.5C242,1.8,242,5.4,184.8,20.6C128,35.8,132.3,44.9,89.9,52.5C28.6,63.7,0,0,0,0 h1000c0,0-9.9,40.9-83.6,48.1S829.6,47,766.1,28.9z\"\/>\n<\/svg>\t\t<\/div>\n\t\t\t\t<div class=\"elementor-shape elementor-shape-bottom\" aria-hidden=\"true\" data-negative=\"false\">\n\t\t\t<svg xmlns=\"http:\/\/www.w3.org\/2000\/svg\" viewBox=\"0 0 1000 100\" preserveAspectRatio=\"none\">\n\t<path class=\"elementor-shape-fill\" d=\"M421.9,6.5c22.6-2.5,51.5,0.4,75.5,5.3c23.6,4.9,70.9,23.5,100.5,35.7c75.8,32.2,133.7,44.5,192.6,49.7\n\tc23.6,2.1,48.7,3.5,103.4-2.5c54.7-6,106.2-25.6,106.2-25.6V0H0v30.3c0,0,72,32.6,158.4,30.5c39.2-0.7,92.8-6.7,134-22.4\n\tc21.2-8.1,52.2-18.2,79.7-24.2C399.3,7.9,411.6,7.5,421.9,6.5z\"\/>\n<\/svg>\t\t<\/div>\n\t\t<div class=\"elementor-element elementor-element-759da19a e-con-full e-flex e-con e-parent\" data-id=\"759da19a\" data-element_type=\"container\" data-e-type=\"container\" data-settings=\"{&quot;jet_parallax_layout_list&quot;:[]}\">\n\t\t<div class=\"elementor-element elementor-element-1f4da4ae e-flex e-con-boxed e-con e-parent\" data-id=\"1f4da4ae\" data-element_type=\"container\" data-e-type=\"container\" data-settings=\"{&quot;jet_parallax_layout_list&quot;:[]}\">\n\t\t\t\t\t<div class=\"e-con-inner\">\n\t\t\t\t<div class=\"elementor-element elementor-element-4ff1a665 elementor-widget elementor-widget-heading\" data-id=\"4ff1a665\" data-element_type=\"widget\" data-e-type=\"widget\" data-widget_type=\"heading.default\">\n\t\t\t\t<div class=\"elementor-widget-container\">\n\t\t\t\t\t<h2 class=\"elementor-heading-title elementor-size-default\">Case: Bibliotek<\/h2>\t\t\t\t<\/div>\n\t\t\t\t<\/div>\n\t\t\t\t<div class=\"elementor-element elementor-element-57635208 elementor-widget elementor-widget-heading\" data-id=\"57635208\" data-element_type=\"widget\" data-e-type=\"widget\" data-widget_type=\"heading.default\">\n\t\t\t\t<div class=\"elementor-widget-container\">\n\t\t\t\t\t<h2 class=\"elementor-heading-title elementor-size-default\">Dokk1: WizeFloor har sit eget sprog<\/h2>\t\t\t\t<\/div>\n\t\t\t\t<\/div>\n\t\t\t\t<div class=\"elementor-element elementor-element-1d6455bd elementor-widget-divider--view-line elementor-widget elementor-widget-divider\" data-id=\"1d6455bd\" data-element_type=\"widget\" data-e-type=\"widget\" data-widget_type=\"divider.default\">\n\t\t\t\t<div class=\"elementor-widget-container\">\n\t\t\t\t\t\t\t<div class=\"elementor-divider\">\n\t\t\t<span class=\"elementor-divider-separator\">\n\t\t\t\t\t\t<\/span>\n\t\t<\/div>\n\t\t\t\t\t\t<\/div>\n\t\t\t\t<\/div>\n\t\t\t\t\t<\/div>\n\t\t\t\t<\/div>\n\t\t\t\t<\/div>\n\t\t\t\t\t<\/div>\n\t\t\t\t<\/div>\n\t\t<div class=\"elementor-element elementor-element-164b86c e-flex e-con-boxed e-con e-parent\" data-id=\"164b86c\" data-element_type=\"container\" data-e-type=\"container\" data-settings=\"{&quot;jet_parallax_layout_list&quot;:[]}\">\n\t\t\t\t\t<div class=\"e-con-inner\">\n\t\t\t\t<div class=\"elementor-element elementor-element-267604c elementor-widget__width-initial elementor-widget elementor-widget-text-editor\" data-id=\"267604c\" data-element_type=\"widget\" data-e-type=\"widget\" data-widget_type=\"text-editor.default\">\n\t\t\t\t<div class=\"elementor-widget-container\">\n\t\t\t\t\t\t\t\t\t<p style=\"font-size: 15px; font-style: normal; font-weight: 400;\"><span style=\"font-size: 15px; font-style: normal; font-weight: 400;\">WizeFloor er nemt at afkode, og det er ligetil, hvad man skal g\u00f8re p\u00e5 gulvet, og dermed er det let at blive en del af spillene. Gulvet appellerer mange forskellige aldersgrupper. Det kan lokke familier, bedstefor\u00e6ldre og b\u00f8rneb\u00f8rn til at v\u00e6re sammen ude p\u00e5 gulvet. S\u00e5dan lyder det fra Sidsel Bech-Petersen, biblioteksudvikler p\u00e5 Dokk1 i Aarhus.&nbsp;<\/span><\/p>\n<p style=\"font-size: 15px; font-style: normal; font-weight: 400;\"><span style=\"font-size: 15px; font-style: normal; font-weight: 400;\">Ideen om at bruge et interaktivt gulv til at skabe nye typer af interaktion i biblioteksrummet startede tilbage i 2004, hvor Hovedbiblioteket i Aarhus deltog i et forskningsprojekt med Aarhus Universitet. Det var faktisk her, at forl\u00f8beren til WizeFloor blev udviklet.&nbsp;<\/span><\/p>\t\t\t\t\t\t\t\t<\/div>\n\t\t\t\t<\/div>\n\t\t\t\t<div class=\"elementor-element elementor-element-c4a7d1e elementor-widget__width-initial elementor-widget-tablet__width-initial elementor-widget elementor-widget-image\" data-id=\"c4a7d1e\" data-element_type=\"widget\" data-e-type=\"widget\" data-widget_type=\"image.default\">\n\t\t\t\t<div class=\"elementor-widget-container\">\n\t\t\t\t\t\t\t\t\t\t\t\t\t\t\t<img fetchpriority=\"high\" decoding=\"async\" width=\"1024\" height=\"543\" src=\"https:\/\/wizefloor.com\/wp-content\/uploads\/2020\/07\/Dokk1-bibliotek-WizeFloor-1024x543.jpg\" class=\"attachment-large size-large wp-image-4097\" alt=\"\" srcset=\"https:\/\/wizefloor.com\/wp-content\/uploads\/2020\/07\/Dokk1-bibliotek-WizeFloor-1024x543.jpg 1024w, https:\/\/wizefloor.com\/wp-content\/uploads\/2020\/07\/Dokk1-bibliotek-WizeFloor-300x159.jpg 300w, https:\/\/wizefloor.com\/wp-content\/uploads\/2020\/07\/Dokk1-bibliotek-WizeFloor-768x407.jpg 768w, https:\/\/wizefloor.com\/wp-content\/uploads\/2020\/07\/Dokk1-bibliotek-WizeFloor.jpg 1291w\" sizes=\"(max-width: 1024px) 100vw, 1024px\" \/>\t\t\t\t\t\t\t\t\t\t\t\t\t\t\t<\/div>\n\t\t\t\t<\/div>\n\t\t\t\t\t<\/div>\n\t\t\t\t<\/div>\n\t\t<div class=\"elementor-element elementor-element-2eb3973 e-flex e-con-boxed e-con e-parent\" data-id=\"2eb3973\" data-element_type=\"container\" data-e-type=\"container\" data-settings=\"{&quot;jet_parallax_layout_list&quot;:[]}\">\n\t\t\t\t\t<div class=\"e-con-inner\">\n\t\t\t\t<div class=\"elementor-element elementor-element-a9e4d4d elementor-widget elementor-widget-text-editor\" data-id=\"a9e4d4d\" data-element_type=\"widget\" data-e-type=\"widget\" data-widget_type=\"text-editor.default\">\n\t\t\t\t<div class=\"elementor-widget-container\">\n\t\t\t\t\t\t\t\t\t<p style=\"font-size: 15px; font-style: normal; font-weight: 400;\"><span style=\"font-size: 15px; font-style: normal; font-weight: 400;\">Sidsel Bech-Petersen og hendes kollega Jannik Mulvad, teamleder for Familier og b\u00f8rn p\u00e5 Dokk1, fort\u00e6ller, hvorfor Dokk1 har haft et WizeFloor, siden biblioteket \u00e5bnede i 2015.\u00a0<\/span><span style=\"font-size: 15px; font-style: normal; font-weight: 400;\">\u00a0<\/span><\/p>\t\t\t\t\t\t\t\t<\/div>\n\t\t\t\t<\/div>\n\t\t\t\t<div class=\"elementor-element elementor-element-f5a4b0e elementor-blockquote--skin-quotation elementor-blockquote--align-left elementor-widget__width-initial elementor-widget elementor-widget-blockquote\" data-id=\"f5a4b0e\" data-element_type=\"widget\" data-e-type=\"widget\" data-widget_type=\"blockquote.default\">\n\t\t\t\t<div class=\"elementor-widget-container\">\n\t\t\t\t\t\t\t<blockquote class=\"elementor-blockquote\">\n\t\t\t<p class=\"elementor-blockquote__content\">\n\t\t\t\tHvis du vil g\u00e6tte engelske gloser, b\u00f8je tyske verber, stave ord eller lave regnestykker med kroppen, kan du det. WizeFloor er intuitivt, og der er mange niveauer. Der er b\u00e5de legende og l\u00e6rende elementer ved gulvet.\u201d \t\t\t<\/p>\n\t\t\t\t\t<\/blockquote>\n\t\t\t\t\t\t<\/div>\n\t\t\t\t<\/div>\n\t\t\t\t<div class=\"elementor-element elementor-element-59a2440 elementor-widget elementor-widget-text-editor\" data-id=\"59a2440\" data-element_type=\"widget\" data-e-type=\"widget\" data-widget_type=\"text-editor.default\">\n\t\t\t\t<div class=\"elementor-widget-container\">\n\t\t\t\t\t\t\t\t\t<p style=\"font-size: 15px; font-style: normal; font-weight: 400;\">H\u00f8r Sidsel Bech-Petersen og Jannik Mulvad udbyd, hvorfor de har et WizeFloor, og hvad de synes om installationen.<\/p>\t\t\t\t\t\t\t\t<\/div>\n\t\t\t\t<\/div>\n\t\t\t\t<div class=\"elementor-element elementor-element-a378aa1 elementor-widget elementor-widget-video\" data-id=\"a378aa1\" data-element_type=\"widget\" data-e-type=\"widget\" data-settings=\"{&quot;youtube_url&quot;:&quot;https:\\\/\\\/www.youtube.com\\\/watch?v=bEEwKivv88Q&quot;,&quot;video_type&quot;:&quot;youtube&quot;,&quot;controls&quot;:&quot;yes&quot;}\" data-widget_type=\"video.default\">\n\t\t\t\t<div class=\"elementor-widget-container\">\n\t\t\t\t\t\t\t<div class=\"elementor-wrapper elementor-open-inline\">\n\t\t\t<div class=\"elementor-video\"><\/div>\t\t<\/div>\n\t\t\t\t\t\t<\/div>\n\t\t\t\t<\/div>\n\t\t\t\t\t<\/div>\n\t\t\t\t<\/div>\n\t\t<div class=\"elementor-element elementor-element-778f47ff e-flex e-con-boxed e-con e-parent\" data-id=\"778f47ff\" data-element_type=\"container\" data-e-type=\"container\" data-settings=\"{&quot;jet_parallax_layout_list&quot;:[]}\">\n\t\t\t\t\t<div class=\"e-con-inner\">\n\t\t<div class=\"elementor-element elementor-element-e1f726c e-con-full e-flex e-con e-parent\" data-id=\"e1f726c\" data-element_type=\"container\" data-e-type=\"container\" data-settings=\"{&quot;jet_parallax_layout_list&quot;:[]}\">\n\t\t\t\t<div class=\"elementor-element elementor-element-3d3bbd6 elementor-align-left elementor-mobile-align-center elementor-widget elementor-widget-button\" data-id=\"3d3bbd6\" data-element_type=\"widget\" data-e-type=\"widget\" data-widget_type=\"button.default\">\n\t\t\t\t<div class=\"elementor-widget-container\">\n\t\t\t\t\t\t\t\t\t<div class=\"elementor-button-wrapper\">\n\t\t\t\t\t<a class=\"elementor-button elementor-button-link elementor-size-md\" href=\"https:\/\/wizefloor.com\/da\/case-dagtilbud\/\">\n\t\t\t\t\t\t<span class=\"elementor-button-content-wrapper\">\n\t\t\t\t\t\t<span class=\"elementor-button-icon\">\n\t\t\t\t<svg aria-hidden=\"true\" class=\"e-font-icon-svg e-fas-caret-left\" viewBox=\"0 0 192 512\" xmlns=\"http:\/\/www.w3.org\/2000\/svg\"><path d=\"M192 127.338v257.324c0 17.818-21.543 26.741-34.142 14.142L29.196 270.142c-7.81-7.81-7.81-20.474 0-28.284l128.662-128.662c12.599-12.6 34.142-3.676 34.142 14.142z\"><\/path><\/svg>\t\t\t<\/span>\n\t\t\t\t\t\t\t\t\t<span class=\"elementor-button-text\">Case: Dagtilbud<\/span>\n\t\t\t\t\t<\/span>\n\t\t\t\t\t<\/a>\n\t\t\t\t<\/div>\n\t\t\t\t\t\t\t\t<\/div>\n\t\t\t\t<\/div>\n\t\t\t\t<\/div>\n\t\t<div class=\"elementor-element elementor-element-7e7a481c e-con-full e-flex e-con e-parent\" data-id=\"7e7a481c\" data-element_type=\"container\" data-e-type=\"container\" data-settings=\"{&quot;jet_parallax_layout_list&quot;:[]}\">\n\t\t\t\t<div class=\"elementor-element elementor-element-57ea7fe elementor-align-right elementor-mobile-align-center elementor-widget elementor-widget-button\" data-id=\"57ea7fe\" data-element_type=\"widget\" data-e-type=\"widget\" data-widget_type=\"button.default\">\n\t\t\t\t<div class=\"elementor-widget-container\">\n\t\t\t\t\t\t\t\t\t<div class=\"elementor-button-wrapper\">\n\t\t\t\t\t<a class=\"elementor-button elementor-button-link elementor-size-md\" href=\"https:\/\/wizefloor.com\/da\/case-dagtilbud\/\">\n\t\t\t\t\t\t<span class=\"elementor-button-content-wrapper\">\n\t\t\t\t\t\t<span class=\"elementor-button-icon\">\n\t\t\t\t<svg aria-hidden=\"true\" class=\"e-font-icon-svg e-fas-caret-right\" viewBox=\"0 0 192 512\" xmlns=\"http:\/\/www.w3.org\/2000\/svg\"><path d=\"M0 384.662V127.338c0-17.818 21.543-26.741 34.142-14.142l128.662 128.662c7.81 7.81 7.81 20.474 0 28.284L34.142 398.804C21.543 411.404 0 402.48 0 384.662z\"><\/path><\/svg>\t\t\t<\/span>\n\t\t\t\t\t\t\t\t\t<span class=\"elementor-button-text\">Case: Dagtilbud og skoler<\/span>\n\t\t\t\t\t<\/span>\n\t\t\t\t\t<\/a>\n\t\t\t\t<\/div>\n\t\t\t\t\t\t\t\t<\/div>\n\t\t\t\t<\/div>\n\t\t\t\t<\/div>\n\t\t\t\t\t<\/div>\n\t\t\t\t<\/div>\n\t\t\t\t<\/div>\n\t\t","protected":false},"excerpt":{"rendered":"<p>Case: Bibliotek Dokk1: WizeFloor har sit eget sprog WizeFloor er nemt at afkode, og det er ligetil, hvad man skal g\u00f8re p\u00e5 gulvet, og dermed er det let at blive en del af spillene. Gulvet appellerer mange forskellige aldersgrupper. Det kan lokke familier, bedstefor\u00e6ldre og b\u00f8rneb\u00f8rn til at v\u00e6re sammen ude p\u00e5 gulvet. S\u00e5dan lyder [&hellip;]<\/p>\n","protected":false},"author":2,"featured_media":0,"parent":0,"menu_order":0,"comment_status":"closed","ping_status":"closed","template":"elementor_header_footer","meta":{"site-sidebar-layout":"no-sidebar","site-content-layout":"page-builder","ast-site-content-layout":"default","site-content-style":"default","site-sidebar-style":"default","ast-global-header-display":"","ast-banner-title-visibility":"","ast-main-header-display":"","ast-hfb-above-header-display":"","ast-hfb-below-header-display":"","ast-hfb-mobile-header-display":"","site-post-title":"disabled","ast-breadcrumbs-content":"","ast-featured-img":"disabled","footer-sml-layout":"","ast-disable-related-posts":"","theme-transparent-header-meta":"","adv-header-id-meta":"","stick-header-meta":"","header-above-stick-meta":"","header-main-stick-meta":"","header-below-stick-meta":"","astra-migrate-meta-layouts":"default","ast-page-background-enabled":"default","ast-page-background-meta":{"desktop":{"background-color":"","background-image":"","background-repeat":"repeat","background-position":"center center","background-size":"auto","background-attachment":"scroll","background-type":"","background-media":"","overlay-type":"","overlay-color":"","overlay-opacity":"","overlay-gradient":""},"tablet":{"background-color":"","background-image":"","background-repeat":"repeat","background-position":"center center","background-size":"auto","background-attachment":"scroll","background-type":"","background-media":"","overlay-type":"","overlay-color":"","overlay-opacity":"","overlay-gradient":""},"mobile":{"background-color":"","background-image":"","background-repeat":"repeat","background-position":"center center","background-size":"auto","background-attachment":"scroll","background-type":"","background-media":"","overlay-type":"","overlay-color":"","overlay-opacity":"","overlay-gradient":""}},"ast-content-background-meta":{"desktop":{"background-color":"var(--ast-global-color-5)","background-image":"","background-repeat":"repeat","background-position":"center center","background-size":"auto","background-attachment":"scroll","background-type":"","background-media":"","overlay-type":"","overlay-color":"","overlay-opacity":"","overlay-gradient":""},"tablet":{"background-color":"var(--ast-global-color-5)","background-image":"","background-repeat":"repeat","background-position":"center center","background-size":"auto","background-attachment":"scroll","background-type":"","background-media":"","overlay-type":"","overlay-color":"","overlay-opacity":"","overlay-gradient":""},"mobile":{"background-color":"var(--ast-global-color-5)","background-image":"","background-repeat":"repeat","background-position":"center center","background-size":"auto","background-attachment":"scroll","background-type":"","background-media":"","overlay-type":"","overlay-color":"","overlay-opacity":"","overlay-gradient":""}},"footnotes":""},"class_list":["post-6192","page","type-page","status-publish","hentry"],"yoast_head":"<!-- This site is optimized with the Yoast SEO plugin v27.2 - https:\/\/yoast.com\/product\/yoast-seo-wordpress\/ -->\n<title>Case: Biblioteker - WizeFloor<\/title>\n<meta name=\"robots\" content=\"index, follow, max-snippet:-1, max-image-preview:large, max-video-preview:-1\" \/>\n<link rel=\"canonical\" href=\"https:\/\/wizefloor.com\/da\/case-biblioteker\/\" \/>\n<meta property=\"og:locale\" content=\"da_DK\" \/>\n<meta property=\"og:type\" content=\"article\" \/>\n<meta property=\"og:title\" content=\"Case: Biblioteker - WizeFloor\" \/>\n<meta property=\"og:description\" content=\"Case: Bibliotek Dokk1: WizeFloor har sit eget sprog WizeFloor er nemt at afkode, og det er ligetil, hvad man skal g\u00f8re p\u00e5 gulvet, og dermed er det let at blive en del af spillene. Gulvet appellerer mange forskellige aldersgrupper. Det kan lokke familier, bedstefor\u00e6ldre og b\u00f8rneb\u00f8rn til at v\u00e6re sammen ude p\u00e5 gulvet. S\u00e5dan lyder [&hellip;]\" \/>\n<meta property=\"og:url\" content=\"https:\/\/wizefloor.com\/da\/case-biblioteker\/\" \/>\n<meta property=\"og:site_name\" content=\"WizeFloor\" \/>\n<meta property=\"article:publisher\" content=\"https:\/\/facebook.com\/wizefloor\" \/>\n<meta property=\"article:modified_time\" content=\"2023-06-12T09:20:54+00:00\" \/>\n<meta property=\"og:image\" content=\"https:\/\/wizefloor.com\/wp-content\/uploads\/2020\/07\/Dokk1-bibliotek-WizeFloor-1024x543.jpg\" \/>\n<meta name=\"twitter:card\" content=\"summary_large_image\" \/>\n<meta name=\"twitter:site\" content=\"@wizefloor\" \/>\n<meta name=\"twitter:label1\" content=\"Estimeret l\u00e6setid\" \/>\n\t<meta name=\"twitter:data1\" content=\"2 minutter\" \/>\n<script type=\"application\/ld+json\" class=\"yoast-schema-graph\">{\"@context\":\"https:\/\/schema.org\",\"@graph\":[{\"@type\":\"WebPage\",\"@id\":\"https:\/\/wizefloor.com\/da\/case-biblioteker\/\",\"url\":\"https:\/\/wizefloor.com\/da\/case-biblioteker\/\",\"name\":\"Case: Biblioteker - WizeFloor\",\"isPartOf\":{\"@id\":\"https:\/\/wizefloor.com\/da\/#website\"},\"primaryImageOfPage\":{\"@id\":\"https:\/\/wizefloor.com\/da\/case-biblioteker\/#primaryimage\"},\"image\":{\"@id\":\"https:\/\/wizefloor.com\/da\/case-biblioteker\/#primaryimage\"},\"thumbnailUrl\":\"https:\/\/wizefloor.com\/wp-content\/uploads\/2020\/07\/Dokk1-bibliotek-WizeFloor-1024x543.jpg\",\"datePublished\":\"2023-05-11T14:16:01+00:00\",\"dateModified\":\"2023-06-12T09:20:54+00:00\",\"breadcrumb\":{\"@id\":\"https:\/\/wizefloor.com\/da\/case-biblioteker\/#breadcrumb\"},\"inLanguage\":\"da-DK\",\"potentialAction\":[{\"@type\":\"ReadAction\",\"target\":[\"https:\/\/wizefloor.com\/da\/case-biblioteker\/\"]}]},{\"@type\":\"ImageObject\",\"inLanguage\":\"da-DK\",\"@id\":\"https:\/\/wizefloor.com\/da\/case-biblioteker\/#primaryimage\",\"url\":\"https:\/\/wizefloor.com\/wp-content\/uploads\/2020\/07\/Dokk1-bibliotek-WizeFloor-1024x543.jpg\",\"contentUrl\":\"https:\/\/wizefloor.com\/wp-content\/uploads\/2020\/07\/Dokk1-bibliotek-WizeFloor-1024x543.jpg\"},{\"@type\":\"BreadcrumbList\",\"@id\":\"https:\/\/wizefloor.com\/da\/case-biblioteker\/#breadcrumb\",\"itemListElement\":[{\"@type\":\"ListItem\",\"position\":1,\"name\":\"Home\",\"item\":\"https:\/\/wizefloor.com\/da\/\"},{\"@type\":\"ListItem\",\"position\":2,\"name\":\"Case: Biblioteker\"}]},{\"@type\":\"WebSite\",\"@id\":\"https:\/\/wizefloor.com\/da\/#website\",\"url\":\"https:\/\/wizefloor.com\/da\/\",\"name\":\"WizeFloor\",\"description\":\"Interactive floor for movement, play, and education\",\"publisher\":{\"@id\":\"https:\/\/wizefloor.com\/da\/#organization\"},\"potentialAction\":[{\"@type\":\"SearchAction\",\"target\":{\"@type\":\"EntryPoint\",\"urlTemplate\":\"https:\/\/wizefloor.com\/da\/?s={search_term_string}\"},\"query-input\":{\"@type\":\"PropertyValueSpecification\",\"valueRequired\":true,\"valueName\":\"search_term_string\"}}],\"inLanguage\":\"da-DK\"},{\"@type\":\"Organization\",\"@id\":\"https:\/\/wizefloor.com\/da\/#organization\",\"name\":\"WizeFloor\",\"url\":\"https:\/\/wizefloor.com\/da\/\",\"logo\":{\"@type\":\"ImageObject\",\"inLanguage\":\"da-DK\",\"@id\":\"https:\/\/wizefloor.com\/da\/#\/schema\/logo\/image\/\",\"url\":\"https:\/\/wizefloor.com\/wp-content\/uploads\/2020\/06\/WizeFloor-logo_white-1.svg\",\"contentUrl\":\"https:\/\/wizefloor.com\/wp-content\/uploads\/2020\/06\/WizeFloor-logo_white-1.svg\",\"width\":294.2,\"height\":100.68,\"caption\":\"WizeFloor\"},\"image\":{\"@id\":\"https:\/\/wizefloor.com\/da\/#\/schema\/logo\/image\/\"},\"sameAs\":[\"https:\/\/facebook.com\/wizefloor\",\"https:\/\/x.com\/wizefloor\",\"https:\/\/www.linkedin.com\/company\/4852137\/\",\"https:\/\/www.youtube.com\/channel\/UCYtLxniparyqXhCGvhabmNQ\",\"https:\/\/www.instagram.com\/wizefloor\/\"]}]}<\/script>\n<!-- \/ Yoast SEO plugin. -->","yoast_head_json":{"title":"Case: Biblioteker - WizeFloor","robots":{"index":"index","follow":"follow","max-snippet":"max-snippet:-1","max-image-preview":"max-image-preview:large","max-video-preview":"max-video-preview:-1"},"canonical":"https:\/\/wizefloor.com\/da\/case-biblioteker\/","og_locale":"da_DK","og_type":"article","og_title":"Case: Biblioteker - WizeFloor","og_description":"Case: Bibliotek Dokk1: WizeFloor har sit eget sprog WizeFloor er nemt at afkode, og det er ligetil, hvad man skal g\u00f8re p\u00e5 gulvet, og dermed er det let at blive en del af spillene. Gulvet appellerer mange forskellige aldersgrupper. Det kan lokke familier, bedstefor\u00e6ldre og b\u00f8rneb\u00f8rn til at v\u00e6re sammen ude p\u00e5 gulvet. S\u00e5dan lyder [&hellip;]","og_url":"https:\/\/wizefloor.com\/da\/case-biblioteker\/","og_site_name":"WizeFloor","article_publisher":"https:\/\/facebook.com\/wizefloor","article_modified_time":"2023-06-12T09:20:54+00:00","og_image":[{"url":"https:\/\/wizefloor.com\/wp-content\/uploads\/2020\/07\/Dokk1-bibliotek-WizeFloor-1024x543.jpg","type":"","width":"","height":""}],"twitter_card":"summary_large_image","twitter_site":"@wizefloor","twitter_misc":{"Estimeret l\u00e6setid":"2 minutter"},"schema":{"@context":"https:\/\/schema.org","@graph":[{"@type":"WebPage","@id":"https:\/\/wizefloor.com\/da\/case-biblioteker\/","url":"https:\/\/wizefloor.com\/da\/case-biblioteker\/","name":"Case: Biblioteker - WizeFloor","isPartOf":{"@id":"https:\/\/wizefloor.com\/da\/#website"},"primaryImageOfPage":{"@id":"https:\/\/wizefloor.com\/da\/case-biblioteker\/#primaryimage"},"image":{"@id":"https:\/\/wizefloor.com\/da\/case-biblioteker\/#primaryimage"},"thumbnailUrl":"https:\/\/wizefloor.com\/wp-content\/uploads\/2020\/07\/Dokk1-bibliotek-WizeFloor-1024x543.jpg","datePublished":"2023-05-11T14:16:01+00:00","dateModified":"2023-06-12T09:20:54+00:00","breadcrumb":{"@id":"https:\/\/wizefloor.com\/da\/case-biblioteker\/#breadcrumb"},"inLanguage":"da-DK","potentialAction":[{"@type":"ReadAction","target":["https:\/\/wizefloor.com\/da\/case-biblioteker\/"]}]},{"@type":"ImageObject","inLanguage":"da-DK","@id":"https:\/\/wizefloor.com\/da\/case-biblioteker\/#primaryimage","url":"https:\/\/wizefloor.com\/wp-content\/uploads\/2020\/07\/Dokk1-bibliotek-WizeFloor-1024x543.jpg","contentUrl":"https:\/\/wizefloor.com\/wp-content\/uploads\/2020\/07\/Dokk1-bibliotek-WizeFloor-1024x543.jpg"},{"@type":"BreadcrumbList","@id":"https:\/\/wizefloor.com\/da\/case-biblioteker\/#breadcrumb","itemListElement":[{"@type":"ListItem","position":1,"name":"Home","item":"https:\/\/wizefloor.com\/da\/"},{"@type":"ListItem","position":2,"name":"Case: Biblioteker"}]},{"@type":"WebSite","@id":"https:\/\/wizefloor.com\/da\/#website","url":"https:\/\/wizefloor.com\/da\/","name":"WizeFloor","description":"Interactive floor for movement, play, and education","publisher":{"@id":"https:\/\/wizefloor.com\/da\/#organization"},"potentialAction":[{"@type":"SearchAction","target":{"@type":"EntryPoint","urlTemplate":"https:\/\/wizefloor.com\/da\/?s={search_term_string}"},"query-input":{"@type":"PropertyValueSpecification","valueRequired":true,"valueName":"search_term_string"}}],"inLanguage":"da-DK"},{"@type":"Organization","@id":"https:\/\/wizefloor.com\/da\/#organization","name":"WizeFloor","url":"https:\/\/wizefloor.com\/da\/","logo":{"@type":"ImageObject","inLanguage":"da-DK","@id":"https:\/\/wizefloor.com\/da\/#\/schema\/logo\/image\/","url":"https:\/\/wizefloor.com\/wp-content\/uploads\/2020\/06\/WizeFloor-logo_white-1.svg","contentUrl":"https:\/\/wizefloor.com\/wp-content\/uploads\/2020\/06\/WizeFloor-logo_white-1.svg","width":294.2,"height":100.68,"caption":"WizeFloor"},"image":{"@id":"https:\/\/wizefloor.com\/da\/#\/schema\/logo\/image\/"},"sameAs":["https:\/\/facebook.com\/wizefloor","https:\/\/x.com\/wizefloor","https:\/\/www.linkedin.com\/company\/4852137\/","https:\/\/www.youtube.com\/channel\/UCYtLxniparyqXhCGvhabmNQ","https:\/\/www.instagram.com\/wizefloor\/"]}]}},"_links":{"self":[{"href":"https:\/\/wizefloor.com\/da\/wp-json\/wp\/v2\/pages\/6192","targetHints":{"allow":["GET"]}}],"collection":[{"href":"https:\/\/wizefloor.com\/da\/wp-json\/wp\/v2\/pages"}],"about":[{"href":"https:\/\/wizefloor.com\/da\/wp-json\/wp\/v2\/types\/page"}],"author":[{"embeddable":true,"href":"https:\/\/wizefloor.com\/da\/wp-json\/wp\/v2\/users\/2"}],"replies":[{"embeddable":true,"href":"https:\/\/wizefloor.com\/da\/wp-json\/wp\/v2\/comments?post=6192"}],"version-history":[{"count":38,"href":"https:\/\/wizefloor.com\/da\/wp-json\/wp\/v2\/pages\/6192\/revisions"}],"predecessor-version":[{"id":6864,"href":"https:\/\/wizefloor.com\/da\/wp-json\/wp\/v2\/pages\/6192\/revisions\/6864"}],"wp:attachment":[{"href":"https:\/\/wizefloor.com\/da\/wp-json\/wp\/v2\/media?parent=6192"}],"curies":[{"name":"wp","href":"https:\/\/api.w.org\/{rel}","templated":true}]}}